{"id":561,"date":"2016-07-26T10:30:38","date_gmt":"2016-07-26T10:30:38","guid":{"rendered":"http:\/\/artday-wp.wossthemes.com\/artday-xml\/?page_id=561"},"modified":"2025-09-14T13:57:02","modified_gmt":"2025-09-14T11:57:02","slug":"creative-slider","status":"publish","type":"page","link":"https:\/\/philipps.vision\/de\/","title":{"rendered":"Home"},"content":{"rendered":"<p>[vc_row][vc_column][rev_slider_vc alias=&#8220;creative_slider&#8220;][\/vc_column][\/vc_row][vc_row full_width=&#8220;stretch_row&#8220; css=&#8220;.vc_custom_1468669695005{padding-top: 70px !important;}&#8220;][vc_column width=&#8220;1\/2&#8243;]\t<div class=\"ws-featured-collections clearfix\">\n\t\t\t\t\t<!-- Item -->\n\t\t\t\t\t<div class=\"featured-collections-item\">\n\t\t\t\t\t\t<a href=\"https:\/\/philipps.vision\/produkt-kategorie\/originals\/\" target=\"_self\" title=\"\">\n\t\t\t\t\t\t\t<div class=\"thumbnail\">\n\t\t\t\t\t\t\t\t<img decoding=\"async\" src=\"https:\/\/philipps.vision\/wp-content\/uploads\/2020\/05\/A7R07772.jpg\" alt\/>\n\t\t\t\t\t\t\t\t<div class=\"ws-overlay\">\n\t\t\t\t\t\t\t\t\t<div class=\"caption\">\n\t\t\t\t\t\t\t\t\t\t<h3>Originals<\/h3>\n\t\t\t\t\t\t\t\t\t<\/div>\n\t\t\t\t\t\t\t\t<\/div>\n\t\t\t\t\t\t\t<\/div>\n\t\t\t\t\t\t<\/a>\n\t\t\t\t\t<\/div>\n\t\t\t\t<\/div>[\/vc_column][vc_column width=&#8220;1\/2&#8243;]\t<div class=\"ws-featured-collections clearfix\">\n\t\t\t\t\t<!-- Item -->\n\t\t\t\t\t<div class=\"featured-collections-item\">\n\t\t\t\t\t\t<a href=\"https:\/\/philipps.vision\/produkt-kategorie\/silkscreen-prints\/\" target=\"_self\" title=\"\">\n\t\t\t\t\t\t\t<div class=\"thumbnail\">\n\t\t\t\t\t\t\t\t<img decoding=\"async\" src=\"https:\/\/philipps.vision\/wp-content\/uploads\/2020\/06\/A7R07880.jpg\" alt\/>\n\t\t\t\t\t\t\t\t<div class=\"ws-overlay\">\n\t\t\t\t\t\t\t\t\t<div class=\"caption\">\n\t\t\t\t\t\t\t\t\t\t<h3>Serigraphien<\/h3>\n\t\t\t\t\t\t\t\t\t<\/div>\n\t\t\t\t\t\t\t\t<\/div>\n\t\t\t\t\t\t\t<\/div>\n\t\t\t\t\t\t<\/a>\n\t\t\t\t\t<\/div>\n\t\t\t\t<\/div>[\/vc_column][\/vc_row][vc_row][vc_column][vc_empty_space height=&#8220;24px&#8220;][\/vc_column][\/vc_row][vc_row][vc_column width=&#8220;1\/2&#8243;]\t<div class=\"ws-featured-collections clearfix\">\n\t\t\t\t\t<!-- Item -->\n\t\t\t\t\t<div class=\"featured-collections-item\">\n\t\t\t\t\t\t<a href=\"https:\/\/philipps.vision\/produkt-kategorie\/etcetera\/\" target=\"_self\" title=\"\">\n\t\t\t\t\t\t\t<div class=\"thumbnail\">\n\t\t\t\t\t\t\t\t<img decoding=\"async\" src=\"https:\/\/philipps.vision\/wp-content\/uploads\/2020\/05\/A7R07748.jpg\" alt\/>\n\t\t\t\t\t\t\t\t<div class=\"ws-overlay\">\n\t\t\t\t\t\t\t\t\t<div class=\"caption\">\n\t\t\t\t\t\t\t\t\t\t<h3>Etcetera<\/h3>\n\t\t\t\t\t\t\t\t\t<\/div>\n\t\t\t\t\t\t\t\t<\/div>\n\t\t\t\t\t\t\t<\/div>\n\t\t\t\t\t\t<\/a>\n\t\t\t\t\t<\/div>\n\t\t\t\t<\/div>[\/vc_column][vc_column width=&#8220;1\/2&#8243;]\t<div class=\"ws-featured-collections clearfix\">\n\t\t\t\t\t<!-- Item -->\n\t\t\t\t\t<div class=\"featured-collections-item\">\n\t\t\t\t\t\t<a href=\"https:\/\/philipps.vision\/produkt-kategorie\/greeting-cards\/\" target=\"_self\" title=\"\">\n\t\t\t\t\t\t\t<div class=\"thumbnail\">\n\t\t\t\t\t\t\t\t<img decoding=\"async\" src=\"https:\/\/philipps.vision\/wp-content\/uploads\/2020\/05\/PostkartenLighthouseBeam_A5-scaled.jpg\" alt\/>\n\t\t\t\t\t\t\t\t<div class=\"ws-overlay\">\n\t\t\t\t\t\t\t\t\t<div class=\"caption\">\n\t\t\t\t\t\t\t\t\t\t<h3>Cards<\/h3>\n\t\t\t\t\t\t\t\t\t<\/div>\n\t\t\t\t\t\t\t\t<\/div>\n\t\t\t\t\t\t\t<\/div>\n\t\t\t\t\t\t<\/a>\n\t\t\t\t\t<\/div>\n\t\t\t\t<\/div>[\/vc_column][\/vc_row][vc_row full_width=&#8220;stretch_row&#8220;][vc_column][vc_empty_space height=&#8220;70px&#8220;]<div class=\"ws-heading text-center\"><h4>Featured Collection<\/h4><\/div>[vc_empty_space height=&#8220;20px&#8220;]<div class=\"woocommerce columns-3 \"><div class=\"row\">\n\t<ul class=\"products columns-3\">\n<li class=\"first post-1149 product type-product status-publish has-post-thumbnail product_cat-etcetera product_cat-originals product_tag-silkscreen-prints  instock shipping-taxable product-type-external\" data-sr='wait 0.1s, ease-in 20px'>\n\n\t<a href=\"https:\/\/philipps.vision\/de\/produkt\/flyingfreedoms10000\/\" class=\"woocommerce-LoopProduct-link woocommerce-loop-product__link\"><figure class=\"ws-product-empty-bg\"><img loading=\"lazy\" decoding=\"async\" width=\"300\" height=\"300\" src=\"https:\/\/philipps.vision\/wp-content\/uploads\/2020\/12\/flyingfreeoms-300x300.jpg\" class=\"attachment-shop_catalog size-shop_catalog wp-post-image\" alt=\"\" srcset=\"https:\/\/philipps.vision\/wp-content\/uploads\/2020\/12\/flyingfreeoms-300x300.jpg 300w, https:\/\/philipps.vision\/wp-content\/uploads\/2020\/12\/flyingfreeoms-150x150.jpg 150w, https:\/\/philipps.vision\/wp-content\/uploads\/2020\/12\/flyingfreeoms-100x100.jpg 100w\" sizes=\"auto, (max-width: 300px) 100vw, 300px\" \/><\/figure><span class=\"ws-item-subtitle\">Doppelseitiger Kunstdruck auf Plexiglas; 300 Exemplare<\/span><h2 class=\"woocommerce-loop-product__title\">FlyingFreedoms 2021<\/h2>\n\t<span class=\"price\"><span class=\"woocommerce-Price-amount amount\"><bdi><span class=\"woocommerce-Price-currencySymbol\">&#67;&#72;&#70;<\/span>&nbsp;390.00<\/bdi><\/span><\/span>\n<\/a>\n<\/li>\n\n\n<li class=\"last post-1158 product type-product status-publish has-post-thumbnail product_cat-etcetera product_cat-originals product_tag-lenticular-prints first instock shipping-taxable purchasable product-type-simple\" data-sr='wait 0.1s, ease-in 20px'>\n\n\t<a href=\"https:\/\/philipps.vision\/de\/produkt\/przyjazn-na-okraglo-2021\/\" class=\"woocommerce-LoopProduct-link woocommerce-loop-product__link\"><figure class=\"ws-product-empty-bg\"><img loading=\"lazy\" decoding=\"async\" width=\"300\" height=\"300\" src=\"https:\/\/philipps.vision\/wp-content\/uploads\/2021\/08\/wiggle_switzerland-300x300.jpg\" class=\"attachment-shop_catalog size-shop_catalog wp-post-image\" alt=\"\" srcset=\"https:\/\/philipps.vision\/wp-content\/uploads\/2021\/08\/wiggle_switzerland-300x300.jpg 300w, https:\/\/philipps.vision\/wp-content\/uploads\/2021\/08\/wiggle_switzerland-150x150.jpg 150w, https:\/\/philipps.vision\/wp-content\/uploads\/2021\/08\/wiggle_switzerland-100x100.jpg 100w\" sizes=\"auto, (max-width: 300px) 100vw, 300px\" \/><\/figure><span class=\"ws-item-subtitle\">Lentikulardrucke in einer Edition von 2; 120 x 120cm, gerahmt, nummeriert und signiert<\/span><h2 class=\"woocommerce-loop-product__title\">Przyja\u017a\u0144 na okr\u0105g\u0142o 2021 &#8211; XL<\/h2>\n\t<span class=\"price\"><span class=\"woocommerce-Price-amount amount\"><bdi><span class=\"woocommerce-Price-currencySymbol\">&#67;&#72;&#70;<\/span>&nbsp;2'400.00<\/bdi><\/span><\/span>\n<\/a>\n<\/li>\n\n\n<li class=\"post-1155 product type-product status-publish has-post-thumbnail product_cat-etcetera product_cat-originals product_tag-lenticular-prints last instock shipping-taxable purchasable product-type-simple\" data-sr='wait 0.1s, ease-in 20px'>\n\n\t<a href=\"https:\/\/philipps.vision\/de\/produkt\/przyjazn-na-okraglo\/\" class=\"woocommerce-LoopProduct-link woocommerce-loop-product__link\"><figure class=\"ws-product-empty-bg\"><img loading=\"lazy\" decoding=\"async\" width=\"300\" height=\"300\" src=\"https:\/\/philipps.vision\/wp-content\/uploads\/2021\/08\/wiggle_switzerland-300x300.jpg\" class=\"attachment-shop_catalog size-shop_catalog wp-post-image\" alt=\"\" srcset=\"https:\/\/philipps.vision\/wp-content\/uploads\/2021\/08\/wiggle_switzerland-300x300.jpg 300w, https:\/\/philipps.vision\/wp-content\/uploads\/2021\/08\/wiggle_switzerland-150x150.jpg 150w, https:\/\/philipps.vision\/wp-content\/uploads\/2021\/08\/wiggle_switzerland-100x100.jpg 100w\" sizes=\"auto, (max-width: 300px) 100vw, 300px\" \/><\/figure><span class=\"ws-item-subtitle\">Lentikulardrucke in einer Edition von 35; 35 x 35cm, gerahmt, nummereiert und signiert<\/span><h2 class=\"woocommerce-loop-product__title\">Przyja\u017a\u0144 na okr\u0105g\u0142o 2021<\/h2>\n\t<span class=\"price\"><span class=\"woocommerce-Price-amount amount\"><bdi><span class=\"woocommerce-Price-currencySymbol\">&#67;&#72;&#70;<\/span>&nbsp;240.00<\/bdi><\/span><\/span>\n<\/a>\n<\/li>\n\n\n<li class=\"first post-1049 product type-product status-publish has-post-thumbnail product_cat-originals product_tag-originals  instock sold-individually shipping-taxable purchasable product-type-simple\" data-sr='wait 0.1s, ease-in 20px'>\n\n\t<a href=\"https:\/\/philipps.vision\/de\/produkt\/air-vision-new-york-1994\/\" class=\"woocommerce-LoopProduct-link woocommerce-loop-product__link\"><figure class=\"ws-product-empty-bg\"><img loading=\"lazy\" decoding=\"async\" width=\"300\" height=\"300\" src=\"https:\/\/philipps.vision\/wp-content\/uploads\/2020\/06\/A7R07949-300x300.jpg\" class=\"attachment-shop_catalog size-shop_catalog wp-post-image\" alt=\"\" srcset=\"https:\/\/philipps.vision\/wp-content\/uploads\/2020\/06\/A7R07949-300x300.jpg 300w, https:\/\/philipps.vision\/wp-content\/uploads\/2020\/06\/A7R07949-150x150.jpg 150w, https:\/\/philipps.vision\/wp-content\/uploads\/2020\/06\/A7R07949-100x100.jpg 100w\" sizes=\"auto, (max-width: 300px) 100vw, 300px\" \/><\/figure><span class=\"ws-item-subtitle\">Serigraphie auf Fotopapier  <\/span><h2 class=\"woocommerce-loop-product__title\">Air Vision New York 1994<\/h2>\n\t<span class=\"price\"><span class=\"woocommerce-Price-amount amount\"><bdi><span class=\"woocommerce-Price-currencySymbol\">&#67;&#72;&#70;<\/span>&nbsp;800.00<\/bdi><\/span><\/span>\n<\/a>\n<\/li>\n\n\n<li class=\"last post-1037 product type-product status-publish has-post-thumbnail product_cat-originals product_tag-originals first instock sold-individually shipping-taxable purchasable product-type-simple\" data-sr='wait 0.1s, ease-in 20px'>\n\n\t<a href=\"https:\/\/philipps.vision\/de\/produkt\/airwave-bern-1990-3\/\" class=\"woocommerce-LoopProduct-link woocommerce-loop-product__link\"><figure class=\"ws-product-empty-bg\"><img loading=\"lazy\" decoding=\"async\" width=\"300\" height=\"300\" src=\"https:\/\/philipps.vision\/wp-content\/uploads\/2020\/06\/A7R07963-300x300.jpg\" class=\"attachment-shop_catalog size-shop_catalog wp-post-image\" alt=\"\" srcset=\"https:\/\/philipps.vision\/wp-content\/uploads\/2020\/06\/A7R07963-300x300.jpg 300w, https:\/\/philipps.vision\/wp-content\/uploads\/2020\/06\/A7R07963-150x150.jpg 150w, https:\/\/philipps.vision\/wp-content\/uploads\/2020\/06\/A7R07963-100x100.jpg 100w\" sizes=\"auto, (max-width: 300px) 100vw, 300px\" \/><\/figure><span class=\"ws-item-subtitle\">Wachspastell auf Fotopapier  <\/span><h2 class=\"woocommerce-loop-product__title\">AirWave Bern 1990<\/h2>\n\t<span class=\"price\"><span class=\"woocommerce-Price-amount amount\"><bdi><span class=\"woocommerce-Price-currencySymbol\">&#67;&#72;&#70;<\/span>&nbsp;300.00<\/bdi><\/span><\/span>\n<\/a>\n<\/li>\n\n\n<li class=\"post-883 product type-product status-publish has-post-thumbnail product_cat-originals product_tag-originals last instock sold-individually shipping-taxable purchasable product-type-simple\" data-sr='wait 0.1s, ease-in 20px'>\n\n\t<a href=\"https:\/\/philipps.vision\/de\/produkt\/airvision-new-york-1994-9\/\" class=\"woocommerce-LoopProduct-link woocommerce-loop-product__link\"><figure class=\"ws-product-empty-bg\"><img loading=\"lazy\" decoding=\"async\" width=\"300\" height=\"300\" src=\"https:\/\/philipps.vision\/wp-content\/uploads\/2020\/05\/A7R07813-300x300.jpg\" class=\"attachment-shop_catalog size-shop_catalog wp-post-image\" alt=\"\" srcset=\"https:\/\/philipps.vision\/wp-content\/uploads\/2020\/05\/A7R07813-300x300.jpg 300w, https:\/\/philipps.vision\/wp-content\/uploads\/2020\/05\/A7R07813-150x150.jpg 150w, https:\/\/philipps.vision\/wp-content\/uploads\/2020\/05\/A7R07813-100x100.jpg 100w\" sizes=\"auto, (max-width: 300px) 100vw, 300px\" \/><\/figure><span class=\"ws-item-subtitle\">Leuchtbild<\/span><h2 class=\"woocommerce-loop-product__title\">FlyingWalls Berlin 2001<\/h2>\n\t<span class=\"price\"><span class=\"woocommerce-Price-amount amount\"><bdi><span class=\"woocommerce-Price-currencySymbol\">&#67;&#72;&#70;<\/span>&nbsp;1'000.00<\/bdi><\/span><\/span>\n<\/a>\n<\/li>\n\n\n<li class=\"first post-1045 product type-product status-publish has-post-thumbnail product_cat-originals product_tag-originals  instock sold-individually shipping-taxable purchasable product-type-simple\" data-sr='wait 0.1s, ease-in 20px'>\n\n\t<a href=\"https:\/\/philipps.vision\/de\/produkt\/hochseilakt-dresden-1991-2\/\" class=\"woocommerce-LoopProduct-link woocommerce-loop-product__link\"><figure class=\"ws-product-empty-bg\"><img loading=\"lazy\" decoding=\"async\" width=\"300\" height=\"300\" src=\"https:\/\/philipps.vision\/wp-content\/uploads\/2020\/06\/A7R07955-300x300.jpg\" class=\"attachment-shop_catalog size-shop_catalog wp-post-image\" alt=\"\" srcset=\"https:\/\/philipps.vision\/wp-content\/uploads\/2020\/06\/A7R07955-300x300.jpg 300w, https:\/\/philipps.vision\/wp-content\/uploads\/2020\/06\/A7R07955-1024x1022.jpg 1024w, https:\/\/philipps.vision\/wp-content\/uploads\/2020\/06\/A7R07955-150x150.jpg 150w, https:\/\/philipps.vision\/wp-content\/uploads\/2020\/06\/A7R07955-768x767.jpg 768w, https:\/\/philipps.vision\/wp-content\/uploads\/2020\/06\/A7R07955-1536x1533.jpg 1536w, https:\/\/philipps.vision\/wp-content\/uploads\/2020\/06\/A7R07955-2048x2044.jpg 2048w, https:\/\/philipps.vision\/wp-content\/uploads\/2020\/06\/A7R07955-600x599.jpg 600w, https:\/\/philipps.vision\/wp-content\/uploads\/2020\/06\/A7R07955-100x100.jpg 100w\" sizes=\"auto, (max-width: 300px) 100vw, 300px\" \/><\/figure><span class=\"ws-item-subtitle\">Serigraphie auf Fotopapier  <\/span><h2 class=\"woocommerce-loop-product__title\">Hochseilakt Dresden 1991<\/h2>\n\t<span class=\"price\"><span class=\"woocommerce-Price-amount amount\"><bdi><span class=\"woocommerce-Price-currencySymbol\">&#67;&#72;&#70;<\/span>&nbsp;500.00<\/bdi><\/span><\/span>\n<\/a>\n<\/li>\n\n\n<li class=\"last post-874 product type-product status-publish has-post-thumbnail product_cat-originals product_tag-originals first instock sold-individually shipping-taxable purchasable product-type-simple\" data-sr='wait 0.1s, ease-in 20px'>\n\n\t<a href=\"https:\/\/philipps.vision\/de\/produkt\/project-manhattan-bern-1991-3\/\" class=\"woocommerce-LoopProduct-link woocommerce-loop-product__link\"><figure class=\"ws-product-empty-bg\"><img loading=\"lazy\" decoding=\"async\" width=\"300\" height=\"300\" src=\"https:\/\/philipps.vision\/wp-content\/uploads\/2020\/05\/A7R07779-300x300.jpg\" class=\"attachment-shop_catalog size-shop_catalog wp-post-image\" alt=\"\" srcset=\"https:\/\/philipps.vision\/wp-content\/uploads\/2020\/05\/A7R07779-300x300.jpg 300w, https:\/\/philipps.vision\/wp-content\/uploads\/2020\/05\/A7R07779-150x150.jpg 150w, https:\/\/philipps.vision\/wp-content\/uploads\/2020\/05\/A7R07779-100x100.jpg 100w\" sizes=\"auto, (max-width: 300px) 100vw, 300px\" \/><\/figure><span class=\"ws-item-subtitle\">Wachspastell auf Fotopapier<\/span><h2 class=\"woocommerce-loop-product__title\">Project Manhattan Bern 1991<\/h2>\n\t<span class=\"price\"><span class=\"woocommerce-Price-amount amount\"><bdi><span class=\"woocommerce-Price-currencySymbol\">&#67;&#72;&#70;<\/span>&nbsp;400.00<\/bdi><\/span><\/span>\n<\/a>\n<\/li>\n\n\n<li class=\"post-1050 product type-product status-publish has-post-thumbnail product_cat-originals product_tag-originals last instock sold-individually shipping-taxable purchasable product-type-simple\" data-sr='wait 0.1s, ease-in 20px'>\n\n\t<a href=\"https:\/\/philipps.vision\/de\/produkt\/air-vision-new-york-1994-2\/\" class=\"woocommerce-LoopProduct-link woocommerce-loop-product__link\"><figure class=\"ws-product-empty-bg\"><img loading=\"lazy\" decoding=\"async\" width=\"300\" height=\"300\" src=\"https:\/\/philipps.vision\/wp-content\/uploads\/2020\/06\/A7R07943-300x300.jpg\" class=\"attachment-shop_catalog size-shop_catalog wp-post-image\" alt=\"\" srcset=\"https:\/\/philipps.vision\/wp-content\/uploads\/2020\/06\/A7R07943-300x300.jpg 300w, https:\/\/philipps.vision\/wp-content\/uploads\/2020\/06\/A7R07943-1024x1024.jpg 1024w, https:\/\/philipps.vision\/wp-content\/uploads\/2020\/06\/A7R07943-150x150.jpg 150w, https:\/\/philipps.vision\/wp-content\/uploads\/2020\/06\/A7R07943-768x768.jpg 768w, https:\/\/philipps.vision\/wp-content\/uploads\/2020\/06\/A7R07943-1536x1536.jpg 1536w, https:\/\/philipps.vision\/wp-content\/uploads\/2020\/06\/A7R07943-2048x2048.jpg 2048w, https:\/\/philipps.vision\/wp-content\/uploads\/2020\/06\/A7R07943-600x600.jpg 600w, https:\/\/philipps.vision\/wp-content\/uploads\/2020\/06\/A7R07943-100x100.jpg 100w\" sizes=\"auto, (max-width: 300px) 100vw, 300px\" \/><\/figure><span class=\"ws-item-subtitle\">Serigraphie auf Fotopapier  <\/span><h2 class=\"woocommerce-loop-product__title\">Air Vision New York 1994<\/h2>\n\t<span class=\"price\"><span class=\"woocommerce-Price-amount amount\"><bdi><span class=\"woocommerce-Price-currencySymbol\">&#67;&#72;&#70;<\/span>&nbsp;400.00<\/bdi><\/span><\/span>\n<\/a>\n<\/li>\n\n\t<\/ul>\r\n<\/div><\/div>[vc_empty_space height=&#8220;70px&#8220;][\/vc_column][\/vc_row]<\/p>\n","protected":false},"excerpt":{"rendered":"<p>[vc_row][vc_column][rev_slider_vc alias=&#8220;creative_slider&#8220;][\/vc_column][\/vc_row][vc_row full_width=&#8220;stretch_row&#8220; css=&#8220;.vc_custom_1468669695005{padding-top: 70px !important;}&#8220;][vc_column width=&#8220;1\/2&#8243;][\/vc_column][vc_column width=&#8220;1\/2&#8243;][\/vc_column][\/vc_row][vc_row][vc_column][vc_empty_space height=&#8220;24px&#8220;][\/vc_column][\/vc_row][vc_row][vc_column width=&#8220;1\/2&#8243;][\/vc_column][vc_column width=&#8220;1\/2&#8243;][\/vc_column][\/vc_row][vc_row full_width=&#8220;stretch_row&#8220;][vc_column][vc_empty_space height=&#8220;70px&#8220;][vc_empty_space height=&#8220;20px&#8220;][vc_empty_space height=&#8220;70px&#8220;][\/vc_column][\/vc_row]<\/p>\n","protected":false},"author":1,"featured_media":0,"parent":0,"menu_order":0,"comment_status":"closed","ping_status":"closed","template":"template-home.php","meta":{"footnotes":""},"class_list":["post-561","page","type-page","status-publish","hentry"],"jetpack_sharing_enabled":true,"_links":{"self":[{"href":"https:\/\/philipps.vision\/de\/wp-json\/wp\/v2\/pages\/561","targetHints":{"allow":["GET"]}}],"collection":[{"href":"https:\/\/philipps.vision\/de\/wp-json\/wp\/v2\/pages"}],"about":[{"href":"https:\/\/philipps.vision\/de\/wp-json\/wp\/v2\/types\/page"}],"author":[{"embeddable":true,"href":"https:\/\/philipps.vision\/de\/wp-json\/wp\/v2\/users\/1"}],"replies":[{"embeddable":true,"href":"https:\/\/philipps.vision\/de\/wp-json\/wp\/v2\/comments?post=561"}],"version-history":[{"count":16,"href":"https:\/\/philipps.vision\/de\/wp-json\/wp\/v2\/pages\/561\/revisions"}],"predecessor-version":[{"id":633,"href":"https:\/\/philipps.vision\/de\/wp-json\/wp\/v2\/pages\/561\/revisions\/633"}],"wp:attachment":[{"href":"https:\/\/philipps.vision\/de\/wp-json\/wp\/v2\/media?parent=561"}],"curies":[{"name":"wp","href":"https:\/\/api.w.org\/{rel}","templated":true}]}}