{"id":1155,"date":"2021-08-17T19:53:45","date_gmt":"2021-08-17T17:53:45","guid":{"rendered":"https:\/\/philipps.vision\/?post_type=product&#038;p=1155"},"modified":"2021-08-21T09:21:27","modified_gmt":"2021-08-21T07:21:27","slug":"przyjazn-na-okraglo","status":"publish","type":"product","link":"https:\/\/philipps.vision\/de\/produkt\/przyjazn-na-okraglo\/","title":{"rendered":"Przyja\u017a\u0144 na okr\u0105g\u0142o 2021"},"content":{"rendered":"<h3>Przyja\u017a\u0144 na okr\u0105g\u0142o <strong>lenticular prints<\/strong><\/h3>\n<p>The artworks measuring <strong>35 x 35 cm<\/strong> were created in an <strong>edition of 35<\/strong>, are framed, numbered and signed\u00a0by the artist.<\/p>\n<p>The artworks are so-called <strong>lenticular prints<\/strong> or lenticular images. In this manufacturing process, tiny optical lenses or prisms create a spatial impression. In our images we are less interested in the spatial than in the possibility of the so-called alternating or wobbling image. This illusion can be viewed without optical aids.<\/p>\n<p>&nbsp;<\/p>\n<p>&nbsp;<\/p>\n","protected":false},"excerpt":{"rendered":"<h3>Przyja\u017a\u0144 na okr\u0105g\u0142o <strong>lenticular prints<\/strong><\/h3>\n<p>The artworks measuring <strong>35 x 35 cm<\/strong> were created in an <strong>edition of 35<\/strong>, are framed, numbered and signed\u00a0by the artist.<\/p>\n<p>The artworks are so-called <strong>lenticular prints<\/strong> or lenticular images. In this manufacturing process, tiny optical lenses or prisms create a spatial impression. In our images we are less interested in the spatial than in the possibility of the so-called alternating or wobbling image. This illusion can be viewed without optical aids.<\/p>\n","protected":false},"featured_media":1157,"comment_status":"closed","ping_status":"closed","template":"","meta":[],"product_brand":[],"product_cat":[39,41],"product_tag":[50],"class_list":{"0":"post-1155","1":"product","2":"type-product","3":"status-publish","4":"has-post-thumbnail","6":"product_cat-etcetera","7":"product_cat-originals","8":"product_tag-lenticular-prints","10":"first","11":"instock","12":"shipping-taxable","13":"purchasable","14":"product-type-simple"},"jetpack_sharing_enabled":true,"_links":{"self":[{"href":"https:\/\/philipps.vision\/de\/wp-json\/wp\/v2\/product\/1155","targetHints":{"allow":["GET"]}}],"collection":[{"href":"https:\/\/philipps.vision\/de\/wp-json\/wp\/v2\/product"}],"about":[{"href":"https:\/\/philipps.vision\/de\/wp-json\/wp\/v2\/types\/product"}],"replies":[{"embeddable":true,"href":"https:\/\/philipps.vision\/de\/wp-json\/wp\/v2\/comments?post=1155"}],"wp:featuredmedia":[{"embeddable":true,"href":"https:\/\/philipps.vision\/de\/wp-json\/wp\/v2\/media\/1157"}],"wp:attachment":[{"href":"https:\/\/philipps.vision\/de\/wp-json\/wp\/v2\/media?parent=1155"}],"wp:term":[{"taxonomy":"product_brand","embeddable":true,"href":"https:\/\/philipps.vision\/de\/wp-json\/wp\/v2\/product_brand?post=1155"},{"taxonomy":"product_cat","embeddable":true,"href":"https:\/\/philipps.vision\/de\/wp-json\/wp\/v2\/product_cat?post=1155"},{"taxonomy":"product_tag","embeddable":true,"href":"https:\/\/philipps.vision\/de\/wp-json\/wp\/v2\/product_tag?post=1155"}],"curies":[{"name":"wp","href":"https:\/\/api.w.org\/{rel}","templated":true}]}}